{"id":1119,"date":"2024-12-16T07:51:32","date_gmt":"2024-12-16T07:51:32","guid":{"rendered":"https:\/\/www.safarlunchochevent.se\/bro\/?page_id=1119"},"modified":"2026-04-19T08:44:24","modified_gmt":"2026-04-19T08:44:24","slug":"lunch","status":"publish","type":"page","link":"https:\/\/www.safarlunchochevent.se\/bro\/lunch\/","title":{"rendered":"Lunch"},"content":{"rendered":"\t\t<div data-elementor-type=\"wp-page\" data-elementor-id=\"1119\" class=\"elementor elementor-1119\">\n\t\t\t\t<div class=\"elementor-element elementor-element-083a213 e-flex e-con-boxed e-con e-parent\" data-id=\"083a213\" data-element_type=\"container\" data-settings=\"{&quot;background_background&quot;:&quot;classic&quot;,&quot;jet_parallax_layout_list&quot;:[]}\">\n\t\t\t\t\t<div class=\"e-con-inner\">\n\t\t<div class=\"elementor-element elementor-element-b4899b0 e-flex e-con-boxed e-con e-child\" data-id=\"b4899b0\" data-element_type=\"container\" data-settings=\"{&quot;jet_parallax_layout_list&quot;:[]}\">\n\t\t\t\t\t<div class=\"e-con-inner\">\n\t\t\t\t<div class=\"elementor-element elementor-element-c3ff9cf elementor-widget elementor-widget-heading\" data-id=\"c3ff9cf\" data-element_type=\"widget\" data-widget_type=\"heading.default\">\n\t\t\t\t<div class=\"elementor-widget-container\">\n\t\t\t\t\t<h1 class=\"elementor-heading-title elementor-size-default\">LUNCHMENY<\/h1>\t\t\t\t<\/div>\n\t\t\t\t<\/div>\n\t\t\t\t\t<\/div>\n\t\t\t\t<\/div>\n\t\t\t\t\t<\/div>\n\t\t\t\t<\/div>\n\t\t<div class=\"elementor-element elementor-element-96256ac e-con-full e-flex e-con e-parent\" data-id=\"96256ac\" data-element_type=\"container\" data-settings=\"{&quot;background_background&quot;:&quot;classic&quot;,&quot;jet_parallax_layout_list&quot;:[]}\">\n\t\t<div class=\"elementor-element elementor-element-d85eeb6 e-flex e-con-boxed e-con e-child\" data-id=\"d85eeb6\" data-element_type=\"container\" data-settings=\"{&quot;background_background&quot;:&quot;classic&quot;,&quot;jet_parallax_layout_list&quot;:[]}\">\n\t\t\t\t\t<div class=\"e-con-inner\">\n\t\t<div class=\"elementor-element elementor-element-5272647 e-con-full e-flex e-con e-child\" data-id=\"5272647\" data-element_type=\"container\" data-settings=\"{&quot;jet_parallax_layout_list&quot;:[]}\">\n\t\t\t\t<div class=\"elementor-element elementor-element-14b287a elementor-widget elementor-widget-heading\" data-id=\"14b287a\" data-element_type=\"widget\" data-widget_type=\"heading.default\">\n\t\t\t\t<div class=\"elementor-widget-container\">\n\t\t\t\t\t<h2 class=\"elementor-heading-title elementor-size-default\">LUNCHBUFF\u00c9 140:-<\/h2>\t\t\t\t<\/div>\n\t\t\t\t<\/div>\n\t\t\t\t<div class=\"elementor-element elementor-element-6a0891d elementor-widget elementor-widget-heading\" data-id=\"6a0891d\" data-element_type=\"widget\" data-widget_type=\"heading.default\">\n\t\t\t\t<div class=\"elementor-widget-container\">\n\t\t\t\t\t<h3 class=\"elementor-heading-title elementor-size-default\">AVH\u00c4MTNING 130:-<br><br>v.17<\/h3>\t\t\t\t<\/div>\n\t\t\t\t<\/div>\n\t\t<div class=\"elementor-element elementor-element-22c597a e-con-full e-flex e-con e-child\" data-id=\"22c597a\" data-element_type=\"container\" data-settings=\"{&quot;jet_parallax_layout_list&quot;:[]}\">\n\t\t\t\t<\/div>\n\t\t\t\t<div class=\"elementor-element elementor-element-2d65f5a elementor-widget__width-initial elementor-widget elementor-widget-text-editor\" data-id=\"2d65f5a\" data-element_type=\"widget\" data-widget_type=\"text-editor.default\">\n\t\t\t\t<div class=\"elementor-widget-container\">\n\t\t\t\t\t\t\t\t\t<p><b><i>M\u00e5ndag<\/i><\/b><\/p><p><span style=\"font-weight: 400;\">Pannbiff (<\/span><i><span style=\"font-weight: 400;\">blandf\u00e4rs<\/span><\/i><span style=\"font-weight: 400;\">). Serveras med kokt potatis eller rostad potatis, lingonsylt, inlagd gurka och gr\u00e4dds\u00e5s<\/span><\/p><p><span style=\"font-weight: 400;\">Isterband (<\/span><i><span style=\"font-weight: 400;\">fl\u00e4sk<\/span><\/i><span style=\"font-weight: 400;\">). Serveras med dillstuvad potatis och r\u00f6dbetor<\/span><\/p><p><span style=\"font-weight: 400;\">Flygande Jacob med banan och jordn\u00f6tter. Serveras med ris<\/span><\/p><p><b><i>Tisdag<\/i><\/b><\/p><p><span style=\"font-weight: 400;\">Raggmunk med stekt fl\u00e4sk och lingonsylt eller stekt fl\u00e4sk med kokt potatis och l\u00f6ks\u00e5s<\/span><\/p><p><span style=\"font-weight: 400;\">Gulasch (<\/span><i><span style=\"font-weight: 400;\">h\u00f6grev<\/span><\/i><span style=\"font-weight: 400;\">). Serveras med kokt potatis\u00a0<\/span><\/p><p><span style=\"font-weight: 400;\">Pankopanerad r\u00f6dsp\u00e4tta. Serveras med kokt potatis, citron och remoulads\u00e5s<\/span><\/p><p><b><i>Onsdag<\/i><\/b><\/p><p><span style=\"font-weight: 400;\">Schnitzel. Serveras med stekt potatis, kapris, citron, kantarells\u00e5s &amp; r\u00f6dvinss\u00e5s<\/span><\/p><p><span style=\"font-weight: 400;\">Chili con carne (<\/span><i><span style=\"font-weight: 400;\">n\u00f6tf\u00e4rs<\/span><\/i><span style=\"font-weight: 400;\">). Serveras med basmatiris och gr\u00e4ddfil<\/span><\/p><p><span style=\"font-weight: 400;\">Lax och pangasius i purjol\u00f6k- och vitvins\u00e5s. Serveras med kokt potatis och citron\u00a0<\/span><\/p><p><b><i>Torsdag<\/i><\/b><\/p><p><span style=\"font-weight: 400;\">\u00c4rtsoppa och pannkakor. Serveras med gr\u00e4dde och sylt<\/span><\/p><p><span style=\"font-weight: 400;\">Kalvf\u00e4rsj\u00e4rpar. Serveras med kokt potatis, lingonsylt och gr\u00e4dds\u00e5s<\/span><\/p><p><span style=\"font-weight: 400;\">Broccoligrat\u00e4ng med skinka och bacon i kr\u00e4mig s\u00e5s. Serveras med kokt potatis<\/span><\/p><p><b><i>Fredag<\/i><\/b><\/p><p><span style=\"font-weight: 400;\">Plommonsp\u00e4ckad karr\u00e9. Serveras med stekt potatis, \u00e4ppelmos och gr\u00e4dds\u00e5s<\/span><\/p><p><span style=\"font-weight: 400;\">Pastagrat\u00e4ng med biff, champinjoner, l\u00f6k och paprika i kr\u00e4mig s\u00e5s<\/span><\/p><p><span style=\"font-weight: 400;\">Stekt panerad kungsflundrafil\u00e9. Serveras med kokt potatis, citron och gurkmajon\u00e4s<\/span><\/p><p><b><i>L\u00f6rdag<\/i><\/b><\/p><p><span style=\"font-weight: 400;\">Vi serverar husmanskost, a la carte, kebab och sallader<\/span><\/p><p><br style=\"font-weight: 400;\" \/><br style=\"font-weight: 400;\" \/><\/p>\t\t\t\t\t\t\t\t<\/div>\n\t\t\t\t<\/div>\n\t\t\t\t<div class=\"elementor-element elementor-element-0931544 elementor-widget elementor-widget-text-editor\" data-id=\"0931544\" data-element_type=\"widget\" data-widget_type=\"text-editor.default\">\n\t\t\t\t<div class=\"elementor-widget-container\">\n\t\t\t\t\t\t\t\t\t<p class=\"\"><span class=\"\">\u00a0 \u00a0 \u00a0 \u00a0 \u00a0 \u00a0 \u00a0 \u00a0 \u00a0 \u00a0 \u00a0 \u00a0 \u00a0Hos oss finns alltid en h\u00e4rlig salladsbuff\u00e9, nybakad br\u00f6d och n\u00e5got gott till kaffet<\/span><\/p><p class=\"\"><strong><span class=\"\">Dagens matl\u00e5da (efter 15.00) 75:-<\/span><\/strong><\/p><p class=\"\"><strong><span class=\"\">Fryst matl\u00e5da 55:-<\/span><\/strong><\/p><p class=\"\"><strong><span class=\"\">\u00a0<\/span><\/strong><\/p><p class=\"\">\u00a0<\/p>\t\t\t\t\t\t\t\t<\/div>\n\t\t\t\t<\/div>\n\t\t\t\t<\/div>\n\t\t\t\t\t<\/div>\n\t\t\t\t<\/div>\n\t\t\t\t<\/div>\n\t\t<div class=\"elementor-element elementor-element-33cf830 e-flex e-con-boxed e-con e-parent\" data-id=\"33cf830\" data-element_type=\"container\" data-settings=\"{&quot;background_background&quot;:&quot;classic&quot;,&quot;jet_parallax_layout_list&quot;:[]}\">\n\t\t\t\t\t<div class=\"e-con-inner\">\n\t\t<div class=\"elementor-element elementor-element-3ee0654 e-con-full e-flex e-con e-child\" data-id=\"3ee0654\" data-element_type=\"container\" data-settings=\"{&quot;jet_parallax_layout_list&quot;:[]}\">\n\t\t\t\t<div class=\"elementor-element elementor-element-5ba83ca elementor-widget__width-initial elementor-widget-tablet__width-initial elementor-widget elementor-widget-heading\" data-id=\"5ba83ca\" data-element_type=\"widget\" data-widget_type=\"heading.default\">\n\t\t\t\t<div class=\"elementor-widget-container\">\n\t\t\t\t\t<h2 class=\"elementor-heading-title elementor-size-default\">Lunchmeny hos Safar Restaurang & Catering\n<\/h2>\t\t\t\t<\/div>\n\t\t\t\t<\/div>\n\t\t\t\t<div class=\"elementor-element elementor-element-cb61c15 elementor-widget__width-initial elementor-widget-mobile__width-inherit elementor-widget elementor-widget-text-editor\" data-id=\"cb61c15\" data-element_type=\"widget\" data-widget_type=\"text-editor.default\">\n\t\t\t\t<div class=\"elementor-widget-container\">\n\t\t\t\t\t\t\t\t\t<p data-start=\"93\" data-end=\"284\">V\u00e4lkommen till Safar Lunch &amp; Event d\u00e4r vi serverar v\u00e4llagad lunch varje vardag med flera r\u00e4tter att v\u00e4lja mellan. Hos oss ing\u00e5r alltid salladsbuff\u00e9, nybakat br\u00f6d och n\u00e5got s\u00f6tt till kaffet.<\/p><p data-start=\"286\" data-end=\"374\" data-is-last-node=\"\" data-is-only-node=\"\">Vi erbjuder \u00e4ven catering f\u00f6r f\u00f6retag, fester och andra evenemang med samma goda smaker.<\/p>\t\t\t\t\t\t\t\t<\/div>\n\t\t\t\t<\/div>\n\t\t\t\t<div class=\"elementor-element elementor-element-8246922 button_basic elementor-widget elementor-widget-button\" data-id=\"8246922\" data-element_type=\"widget\" data-widget_type=\"button.default\">\n\t\t\t\t<div class=\"elementor-widget-container\">\n\t\t\t\t\t\t\t\t\t<div class=\"elementor-button-wrapper\">\n\t\t\t\t\t<a class=\"elementor-button elementor-button-link elementor-size-sm\" href=\"https:\/\/www.safarlunchochevent.se\/bro\/catering\/\">\n\t\t\t\t\t\t<span class=\"elementor-button-content-wrapper\">\n\t\t\t\t\t\t\t\t\t<span class=\"elementor-button-text\">L\u00e4s mer<\/span>\n\t\t\t\t\t<\/span>\n\t\t\t\t\t<\/a>\n\t\t\t\t<\/div>\n\t\t\t\t\t\t\t\t<\/div>\n\t\t\t\t<\/div>\n\t\t\t\t<\/div>\n\t\t\t\t<div class=\"elementor-element elementor-element-02da1a9 elementor-widget elementor-widget-spacer\" data-id=\"02da1a9\" data-element_type=\"widget\" data-widget_type=\"spacer.default\">\n\t\t\t\t<div class=\"elementor-widget-container\">\n\t\t\t\t\t\t\t<div class=\"elementor-spacer\">\n\t\t\t<div class=\"elementor-spacer-inner\"><\/div>\n\t\t<\/div>\n\t\t\t\t\t\t<\/div>\n\t\t\t\t<\/div>\n\t\t<div class=\"elementor-element elementor-element-bedb3e7 e-con-full e-flex e-con e-child\" data-id=\"bedb3e7\" data-element_type=\"container\" data-settings=\"{&quot;jet_parallax_layout_list&quot;:[]}\">\n\t\t\t\t<div class=\"elementor-element elementor-element-58b7b7c elementor-widget elementor-widget-image\" data-id=\"58b7b7c\" data-element_type=\"widget\" data-widget_type=\"image.default\">\n\t\t\t\t<div class=\"elementor-widget-container\">\n\t\t\t\t\t\t\t\t\t\t\t\t\t\t\t<img fetchpriority=\"high\" decoding=\"async\" width=\"1920\" height=\"1080\" src=\"https:\/\/www.safarlunchochevent.se\/bro\/wp-content\/uploads\/2025\/06\/DSC_8909.png\" class=\"attachment-full size-full wp-image-2435\" alt=\"\" srcset=\"https:\/\/www.safarlunchochevent.se\/bro\/wp-content\/uploads\/2025\/06\/DSC_8909.png 1920w, https:\/\/www.safarlunchochevent.se\/bro\/wp-content\/uploads\/2025\/06\/DSC_8909-300x169.png 300w, https:\/\/www.safarlunchochevent.se\/bro\/wp-content\/uploads\/2025\/06\/DSC_8909-1024x576.png 1024w, https:\/\/www.safarlunchochevent.se\/bro\/wp-content\/uploads\/2025\/06\/DSC_8909-768x432.png 768w, https:\/\/www.safarlunchochevent.se\/bro\/wp-content\/uploads\/2025\/06\/DSC_8909-1536x864.png 1536w\" sizes=\"(max-width: 1920px) 100vw, 1920px\" \/>\t\t\t\t\t\t\t\t\t\t\t\t\t\t\t<\/div>\n\t\t\t\t<\/div>\n\t\t\t\t<\/div>\n\t\t\t\t\t<\/div>\n\t\t\t\t<\/div>\n\t\t\t\t<\/div>\n\t\t","protected":false},"excerpt":{"rendered":"<p>LUNCHMENY LUNCHBUFF\u00c9 140:- AVH\u00c4MTNING 130:- v.17 M\u00e5ndag Pannbiff (blandf\u00e4rs). Serveras med kokt potatis eller rostad potatis, lingonsylt, inlagd gurka och gr\u00e4dds\u00e5s Isterband (fl\u00e4sk). Serveras med dillstuvad potatis och r\u00f6dbetor Flygande Jacob med banan och jordn\u00f6tter. Serveras med ris Tisdag Raggmunk med stekt fl\u00e4sk och lingonsylt eller stekt fl\u00e4sk med kokt potatis och l\u00f6ks\u00e5s Gulasch (h\u00f6grev). [&hellip;]<\/p>\n","protected":false},"author":1,"featured_media":0,"parent":0,"menu_order":0,"comment_status":"closed","ping_status":"closed","template":"","meta":{"inline_featured_image":false,"footnotes":""},"class_list":["post-1119","page","type-page","status-publish","hentry"],"yoast_head":"<!-- This site is optimized with the Yoast SEO plugin v25.1 - https:\/\/yoast.com\/wordpress\/plugins\/seo\/ -->\n<title>Lunch - Safar Restaurang &amp; Catering<\/title>\n<meta name=\"robots\" content=\"index, follow, max-snippet:-1, max-image-preview:large, max-video-preview:-1\" \/>\n<link rel=\"canonical\" href=\"https:\/\/www.safarlunchochevent.se\/bro\/lunch\/\" \/>\n<meta property=\"og:locale\" content=\"sv_SE\" \/>\n<meta property=\"og:type\" content=\"article\" \/>\n<meta property=\"og:title\" content=\"Lunch - Safar Restaurang &amp; Catering\" \/>\n<meta property=\"og:description\" content=\"LUNCHMENY LUNCHBUFF\u00c9 140:- AVH\u00c4MTNING 130:- v.17 M\u00e5ndag Pannbiff (blandf\u00e4rs). Serveras med kokt potatis eller rostad potatis, lingonsylt, inlagd gurka och gr\u00e4dds\u00e5s Isterband (fl\u00e4sk). Serveras med dillstuvad potatis och r\u00f6dbetor Flygande Jacob med banan och jordn\u00f6tter. Serveras med ris Tisdag Raggmunk med stekt fl\u00e4sk och lingonsylt eller stekt fl\u00e4sk med kokt potatis och l\u00f6ks\u00e5s Gulasch (h\u00f6grev). [&hellip;]\" \/>\n<meta property=\"og:url\" content=\"https:\/\/www.safarlunchochevent.se\/bro\/lunch\/\" \/>\n<meta property=\"og:site_name\" content=\"Safar Restaurang &amp; Catering\" \/>\n<meta property=\"article:modified_time\" content=\"2026-04-19T08:44:24+00:00\" \/>\n<meta property=\"og:image\" content=\"https:\/\/www.safarlunchochevent.se\/bro\/wp-content\/uploads\/2025\/06\/DSC_8909-1024x576.png\" \/>\n\t<meta property=\"og:image:width\" content=\"1024\" \/>\n\t<meta property=\"og:image:height\" content=\"576\" \/>\n\t<meta property=\"og:image:type\" content=\"image\/png\" \/>\n<meta name=\"twitter:card\" content=\"summary_large_image\" \/>\n<meta name=\"twitter:label1\" content=\"Ber\u00e4knad l\u00e4stid\" \/>\n\t<meta name=\"twitter:data1\" content=\"2 minuter\" \/>\n<script type=\"application\/ld+json\" class=\"yoast-schema-graph\">{\"@context\":\"https:\/\/schema.org\",\"@graph\":[{\"@type\":\"WebPage\",\"@id\":\"https:\/\/www.safarlunchochevent.se\/bro\/lunch\/\",\"url\":\"https:\/\/www.safarlunchochevent.se\/bro\/lunch\/\",\"name\":\"Lunch - Safar Restaurang &amp; Catering\",\"isPartOf\":{\"@id\":\"https:\/\/www.safarlunchochevent.se\/bro\/#website\"},\"primaryImageOfPage\":{\"@id\":\"https:\/\/www.safarlunchochevent.se\/bro\/lunch\/#primaryimage\"},\"image\":{\"@id\":\"https:\/\/www.safarlunchochevent.se\/bro\/lunch\/#primaryimage\"},\"thumbnailUrl\":\"https:\/\/www.safarlunchochevent.se\/bro\/wp-content\/uploads\/2025\/06\/DSC_8909.png\",\"datePublished\":\"2024-12-16T07:51:32+00:00\",\"dateModified\":\"2026-04-19T08:44:24+00:00\",\"breadcrumb\":{\"@id\":\"https:\/\/www.safarlunchochevent.se\/bro\/lunch\/#breadcrumb\"},\"inLanguage\":\"sv-SE\",\"potentialAction\":[{\"@type\":\"ReadAction\",\"target\":[\"https:\/\/www.safarlunchochevent.se\/bro\/lunch\/\"]}]},{\"@type\":\"ImageObject\",\"inLanguage\":\"sv-SE\",\"@id\":\"https:\/\/www.safarlunchochevent.se\/bro\/lunch\/#primaryimage\",\"url\":\"https:\/\/www.safarlunchochevent.se\/bro\/wp-content\/uploads\/2025\/06\/DSC_8909.png\",\"contentUrl\":\"https:\/\/www.safarlunchochevent.se\/bro\/wp-content\/uploads\/2025\/06\/DSC_8909.png\",\"width\":1920,\"height\":1080},{\"@type\":\"BreadcrumbList\",\"@id\":\"https:\/\/www.safarlunchochevent.se\/bro\/lunch\/#breadcrumb\",\"itemListElement\":[{\"@type\":\"ListItem\",\"position\":1,\"name\":\"Hem\",\"item\":\"https:\/\/www.safarlunchochevent.se\/bro\/\"},{\"@type\":\"ListItem\",\"position\":2,\"name\":\"Lunch\"}]},{\"@type\":\"WebSite\",\"@id\":\"https:\/\/www.safarlunchochevent.se\/bro\/#website\",\"url\":\"https:\/\/www.safarlunchochevent.se\/bro\/\",\"name\":\"Safar Restaurang &amp; Catering\",\"description\":\"\",\"potentialAction\":[{\"@type\":\"SearchAction\",\"target\":{\"@type\":\"EntryPoint\",\"urlTemplate\":\"https:\/\/www.safarlunchochevent.se\/bro\/?s={search_term_string}\"},\"query-input\":{\"@type\":\"PropertyValueSpecification\",\"valueRequired\":true,\"valueName\":\"search_term_string\"}}],\"inLanguage\":\"sv-SE\"}]}<\/script>\n<!-- \/ Yoast SEO plugin. -->","yoast_head_json":{"title":"Lunch - Safar Restaurang &amp; Catering","robots":{"index":"index","follow":"follow","max-snippet":"max-snippet:-1","max-image-preview":"max-image-preview:large","max-video-preview":"max-video-preview:-1"},"canonical":"https:\/\/www.safarlunchochevent.se\/bro\/lunch\/","og_locale":"sv_SE","og_type":"article","og_title":"Lunch - Safar Restaurang &amp; Catering","og_description":"LUNCHMENY LUNCHBUFF\u00c9 140:- AVH\u00c4MTNING 130:- v.17 M\u00e5ndag Pannbiff (blandf\u00e4rs). Serveras med kokt potatis eller rostad potatis, lingonsylt, inlagd gurka och gr\u00e4dds\u00e5s Isterband (fl\u00e4sk). Serveras med dillstuvad potatis och r\u00f6dbetor Flygande Jacob med banan och jordn\u00f6tter. Serveras med ris Tisdag Raggmunk med stekt fl\u00e4sk och lingonsylt eller stekt fl\u00e4sk med kokt potatis och l\u00f6ks\u00e5s Gulasch (h\u00f6grev). [&hellip;]","og_url":"https:\/\/www.safarlunchochevent.se\/bro\/lunch\/","og_site_name":"Safar Restaurang &amp; Catering","article_modified_time":"2026-04-19T08:44:24+00:00","og_image":[{"width":1024,"height":576,"url":"https:\/\/www.safarlunchochevent.se\/bro\/wp-content\/uploads\/2025\/06\/DSC_8909-1024x576.png","type":"image\/png"}],"twitter_card":"summary_large_image","twitter_misc":{"Ber\u00e4knad l\u00e4stid":"2 minuter"},"schema":{"@context":"https:\/\/schema.org","@graph":[{"@type":"WebPage","@id":"https:\/\/www.safarlunchochevent.se\/bro\/lunch\/","url":"https:\/\/www.safarlunchochevent.se\/bro\/lunch\/","name":"Lunch - Safar Restaurang &amp; Catering","isPartOf":{"@id":"https:\/\/www.safarlunchochevent.se\/bro\/#website"},"primaryImageOfPage":{"@id":"https:\/\/www.safarlunchochevent.se\/bro\/lunch\/#primaryimage"},"image":{"@id":"https:\/\/www.safarlunchochevent.se\/bro\/lunch\/#primaryimage"},"thumbnailUrl":"https:\/\/www.safarlunchochevent.se\/bro\/wp-content\/uploads\/2025\/06\/DSC_8909.png","datePublished":"2024-12-16T07:51:32+00:00","dateModified":"2026-04-19T08:44:24+00:00","breadcrumb":{"@id":"https:\/\/www.safarlunchochevent.se\/bro\/lunch\/#breadcrumb"},"inLanguage":"sv-SE","potentialAction":[{"@type":"ReadAction","target":["https:\/\/www.safarlunchochevent.se\/bro\/lunch\/"]}]},{"@type":"ImageObject","inLanguage":"sv-SE","@id":"https:\/\/www.safarlunchochevent.se\/bro\/lunch\/#primaryimage","url":"https:\/\/www.safarlunchochevent.se\/bro\/wp-content\/uploads\/2025\/06\/DSC_8909.png","contentUrl":"https:\/\/www.safarlunchochevent.se\/bro\/wp-content\/uploads\/2025\/06\/DSC_8909.png","width":1920,"height":1080},{"@type":"BreadcrumbList","@id":"https:\/\/www.safarlunchochevent.se\/bro\/lunch\/#breadcrumb","itemListElement":[{"@type":"ListItem","position":1,"name":"Hem","item":"https:\/\/www.safarlunchochevent.se\/bro\/"},{"@type":"ListItem","position":2,"name":"Lunch"}]},{"@type":"WebSite","@id":"https:\/\/www.safarlunchochevent.se\/bro\/#website","url":"https:\/\/www.safarlunchochevent.se\/bro\/","name":"Safar Restaurang &amp; Catering","description":"","potentialAction":[{"@type":"SearchAction","target":{"@type":"EntryPoint","urlTemplate":"https:\/\/www.safarlunchochevent.se\/bro\/?s={search_term_string}"},"query-input":{"@type":"PropertyValueSpecification","valueRequired":true,"valueName":"search_term_string"}}],"inLanguage":"sv-SE"}]}},"_links":{"self":[{"href":"https:\/\/www.safarlunchochevent.se\/bro\/wp-json\/wp\/v2\/pages\/1119","targetHints":{"allow":["GET"]}}],"collection":[{"href":"https:\/\/www.safarlunchochevent.se\/bro\/wp-json\/wp\/v2\/pages"}],"about":[{"href":"https:\/\/www.safarlunchochevent.se\/bro\/wp-json\/wp\/v2\/types\/page"}],"author":[{"embeddable":true,"href":"https:\/\/www.safarlunchochevent.se\/bro\/wp-json\/wp\/v2\/users\/1"}],"replies":[{"embeddable":true,"href":"https:\/\/www.safarlunchochevent.se\/bro\/wp-json\/wp\/v2\/comments?post=1119"}],"version-history":[{"count":287,"href":"https:\/\/www.safarlunchochevent.se\/bro\/wp-json\/wp\/v2\/pages\/1119\/revisions"}],"predecessor-version":[{"id":2905,"href":"https:\/\/www.safarlunchochevent.se\/bro\/wp-json\/wp\/v2\/pages\/1119\/revisions\/2905"}],"wp:attachment":[{"href":"https:\/\/www.safarlunchochevent.se\/bro\/wp-json\/wp\/v2\/media?parent=1119"}],"curies":[{"name":"wp","href":"https:\/\/api.w.org\/{rel}","templated":true}]}}