{"id":2288,"date":"2025-06-16T01:08:43","date_gmt":"2025-06-16T01:08:43","guid":{"rendered":"https:\/\/www.safarlunchochevent.se\/bro\/?page_id=2288"},"modified":"2025-06-16T13:04:17","modified_gmt":"2025-06-16T13:04:17","slug":"hyr-lokal","status":"publish","type":"page","link":"https:\/\/www.safarlunchochevent.se\/bro\/hyr-lokal\/","title":{"rendered":"Hyr lokal"},"content":{"rendered":"\t\t<div data-elementor-type=\"wp-page\" data-elementor-id=\"2288\" class=\"elementor elementor-2288\">\n\t\t\t\t<div class=\"elementor-element elementor-element-306fd3b e-flex e-con-boxed e-con e-parent\" data-id=\"306fd3b\" data-element_type=\"container\" data-settings=\"{&quot;background_background&quot;:&quot;classic&quot;,&quot;jet_parallax_layout_list&quot;:[]}\">\n\t\t\t\t\t<div class=\"e-con-inner\">\n\t\t<div class=\"elementor-element elementor-element-fc8a557 e-flex e-con-boxed e-con e-child\" data-id=\"fc8a557\" data-element_type=\"container\" data-settings=\"{&quot;jet_parallax_layout_list&quot;:[]}\">\n\t\t\t\t\t<div class=\"e-con-inner\">\n\t\t\t\t<div class=\"elementor-element elementor-element-506c9b3 elementor-widget elementor-widget-heading\" data-id=\"506c9b3\" data-element_type=\"widget\" data-widget_type=\"heading.default\">\n\t\t\t\t<div class=\"elementor-widget-container\">\n\t\t\t\t\t<h1 class=\"elementor-heading-title elementor-size-default\">Hyr lokal<\/h1>\t\t\t\t<\/div>\n\t\t\t\t<\/div>\n\t\t\t\t\t<\/div>\n\t\t\t\t<\/div>\n\t\t\t\t\t<\/div>\n\t\t\t\t<\/div>\n\t\t<div class=\"elementor-element elementor-element-5b76361 e-flex e-con-boxed e-con e-parent\" data-id=\"5b76361\" data-element_type=\"container\" data-settings=\"{&quot;background_background&quot;:&quot;classic&quot;,&quot;jet_parallax_layout_list&quot;:[]}\">\n\t\t\t\t\t<div class=\"e-con-inner\">\n\t\t<div class=\"elementor-element elementor-element-7b0e604 e-flex e-con-boxed e-con e-child\" data-id=\"7b0e604\" data-element_type=\"container\" data-settings=\"{&quot;jet_parallax_layout_list&quot;:[]}\">\n\t\t\t\t\t<div class=\"e-con-inner\">\n\t\t\t\t<div class=\"elementor-element elementor-element-ee95299 elementor-widget__width-initial elementor-widget-mobile__width-initial elementor-widget elementor-widget-heading\" data-id=\"ee95299\" data-element_type=\"widget\" data-widget_type=\"heading.default\">\n\t\t\t\t<div class=\"elementor-widget-container\">\n\t\t\t\t\t<h2 class=\"elementor-heading-title elementor-size-default\">Hyr v\u00e5r lokal f\u00f6r ditt evenemang<\/h2>\t\t\t\t<\/div>\n\t\t\t\t<\/div>\n\t\t\t\t<div class=\"elementor-element elementor-element-5d8c0d9 elementor-widget elementor-widget-text-editor\" data-id=\"5d8c0d9\" data-element_type=\"widget\" data-widget_type=\"text-editor.default\">\n\t\t\t\t<div class=\"elementor-widget-container\">\n\t\t\t\t\t\t\t\t\t<p>Letar du efter en personlig och trivsam plats f\u00f6r ett minnesv\u00e4rt evenemang?<\/p><p>V\u00e5r restauranglokal finns tillg\u00e4nglig f\u00f6r uthyrning p\u00e5 helger och passar utm\u00e4rkt f\u00f6r allt fr\u00e5n br\u00f6llop och f\u00f6delsedagsfester till babyshowers och andra privata tillst\u00e4llningar. Vi anpassar arrangemanget helt efter dina \u00f6nskem\u00e5l f\u00f6r att skapa en upplevelse ut\u00f6ver det vanliga.<\/p>\t\t\t\t\t\t\t\t<\/div>\n\t\t\t\t<\/div>\n\t\t\t\t\t<\/div>\n\t\t\t\t<\/div>\n\t\t\t\t\t<\/div>\n\t\t\t\t<\/div>\n\t\t<div class=\"elementor-element elementor-element-8e31f23 e-flex e-con-boxed e-con e-parent\" data-id=\"8e31f23\" data-element_type=\"container\" data-settings=\"{&quot;background_background&quot;:&quot;classic&quot;,&quot;jet_parallax_layout_list&quot;:[]}\">\n\t\t\t\t\t<div class=\"e-con-inner\">\n\t\t<div class=\"elementor-element elementor-element-4cdc641 e-con-full e-flex e-con e-child\" data-id=\"4cdc641\" data-element_type=\"container\" data-settings=\"{&quot;jet_parallax_layout_list&quot;:[]}\">\n\t\t\t\t<div class=\"elementor-element elementor-element-e8e76a5 elementor-widget__width-initial elementor-widget-tablet__width-initial elementor-widget elementor-widget-heading\" data-id=\"e8e76a5\" data-element_type=\"widget\" data-widget_type=\"heading.default\">\n\t\t\t\t<div class=\"elementor-widget-container\">\n\t\t\t\t\t<h2 class=\"elementor-heading-title elementor-size-default\">Skr\u00e4ddarsydd lokal och catering f\u00f6r ditt event\n<\/h2>\t\t\t\t<\/div>\n\t\t\t\t<\/div>\n\t\t\t\t<div class=\"elementor-element elementor-element-8726384 elementor-widget__width-initial elementor-widget elementor-widget-text-editor\" data-id=\"8726384\" data-element_type=\"widget\" data-widget_type=\"text-editor.default\">\n\t\t\t\t<div class=\"elementor-widget-container\">\n\t\t\t\t\t\t\t\t\t<p>Du kan hyra bara lokalen eller l\u00e5ta oss ordna b\u00e5de lokal, mat och dryck. Vi erbjuder catering f\u00f6r b\u00e5de sm\u00e5 och stora s\u00e4llskap \u2013 allt fr\u00e5n enkla tilltugg till festm\u00e5ltider.<\/p><p>Allt anpassas efter dina \u00f6nskem\u00e5l, och vi s\u00e4tter priset tillsammans s\u00e5 det passar din budget och ditt uppl\u00e4gg.<\/p>\t\t\t\t\t\t\t\t<\/div>\n\t\t\t\t<\/div>\n\t\t\t\t<div class=\"elementor-element elementor-element-f1386f3 button_basic elementor-widget elementor-widget-button\" data-id=\"f1386f3\" data-element_type=\"widget\" data-widget_type=\"button.default\">\n\t\t\t\t<div class=\"elementor-widget-container\">\n\t\t\t\t\t\t\t\t\t<div class=\"elementor-button-wrapper\">\n\t\t\t\t\t<a class=\"elementor-button elementor-button-link elementor-size-sm\" href=\"#kontakt\">\n\t\t\t\t\t\t<span class=\"elementor-button-content-wrapper\">\n\t\t\t\t\t\t\t\t\t<span class=\"elementor-button-text\">Kontakta oss<\/span>\n\t\t\t\t\t<\/span>\n\t\t\t\t\t<\/a>\n\t\t\t\t<\/div>\n\t\t\t\t\t\t\t\t<\/div>\n\t\t\t\t<\/div>\n\t\t\t\t<\/div>\n\t\t\t\t<div class=\"elementor-element elementor-element-d0c89d4 elementor-widget elementor-widget-spacer\" data-id=\"d0c89d4\" data-element_type=\"widget\" data-widget_type=\"spacer.default\">\n\t\t\t\t<div class=\"elementor-widget-container\">\n\t\t\t\t\t\t\t<div class=\"elementor-spacer\">\n\t\t\t<div class=\"elementor-spacer-inner\"><\/div>\n\t\t<\/div>\n\t\t\t\t\t\t<\/div>\n\t\t\t\t<\/div>\n\t\t<div class=\"elementor-element elementor-element-dd6865f e-con-full e-flex e-con e-child\" data-id=\"dd6865f\" data-element_type=\"container\" data-settings=\"{&quot;jet_parallax_layout_list&quot;:[]}\">\n\t\t\t\t<div class=\"elementor-element elementor-element-2cccd04 elementor-widget elementor-widget-image\" data-id=\"2cccd04\" data-element_type=\"widget\" data-widget_type=\"image.default\">\n\t\t\t\t<div class=\"elementor-widget-container\">\n\t\t\t\t\t\t\t\t\t\t\t\t\t\t\t<img fetchpriority=\"high\" decoding=\"async\" width=\"1920\" height=\"1080\" src=\"https:\/\/www.safarlunchochevent.se\/bro\/wp-content\/uploads\/2025\/06\/DSC_8962.png\" class=\"attachment-full size-full wp-image-2438\" alt=\"\" srcset=\"https:\/\/www.safarlunchochevent.se\/bro\/wp-content\/uploads\/2025\/06\/DSC_8962.png 1920w, https:\/\/www.safarlunchochevent.se\/bro\/wp-content\/uploads\/2025\/06\/DSC_8962-300x169.png 300w, https:\/\/www.safarlunchochevent.se\/bro\/wp-content\/uploads\/2025\/06\/DSC_8962-1024x576.png 1024w, https:\/\/www.safarlunchochevent.se\/bro\/wp-content\/uploads\/2025\/06\/DSC_8962-768x432.png 768w, https:\/\/www.safarlunchochevent.se\/bro\/wp-content\/uploads\/2025\/06\/DSC_8962-1536x864.png 1536w\" sizes=\"(max-width: 1920px) 100vw, 1920px\" \/>\t\t\t\t\t\t\t\t\t\t\t\t\t\t\t<\/div>\n\t\t\t\t<\/div>\n\t\t\t\t<\/div>\n\t\t\t\t\t<\/div>\n\t\t\t\t<\/div>\n\t\t<div class=\"elementor-element elementor-element-ce92ceb e-flex e-con-boxed e-con e-parent\" data-id=\"ce92ceb\" data-element_type=\"container\" data-settings=\"{&quot;background_background&quot;:&quot;classic&quot;,&quot;jet_parallax_layout_list&quot;:[]}\">\n\t\t\t\t\t<div class=\"e-con-inner\">\n\t\t<div class=\"elementor-element elementor-element-c608a96 e-con-full e-flex e-con e-child\" data-id=\"c608a96\" data-element_type=\"container\" data-settings=\"{&quot;jet_parallax_layout_list&quot;:[]}\">\n\t\t\t\t<div class=\"elementor-element elementor-element-64bd14d elementor-widget__width-initial elementor-widget-tablet__width-initial elementor-widget elementor-widget-heading\" data-id=\"64bd14d\" data-element_type=\"widget\" data-widget_type=\"heading.default\">\n\t\t\t\t<div class=\"elementor-widget-container\">\n\t\t\t\t\t<h2 class=\"elementor-heading-title elementor-size-default\">S\u00e5 enkelt planerar du ditt evenemang med oss<\/h2>\t\t\t\t<\/div>\n\t\t\t\t<\/div>\n\t\t\t\t<div class=\"elementor-element elementor-element-60b83d8 elementor-widget elementor-widget-text-editor\" data-id=\"60b83d8\" data-element_type=\"widget\" data-widget_type=\"text-editor.default\">\n\t\t\t\t<div class=\"elementor-widget-container\">\n\t\t\t\t\t\t\t\t\t<p>Kontakta oss och ber\u00e4tta vad du beh\u00f6ver \u2013 vi lyssnar g\u00e4rna. Efter samtalet f\u00e5r du ett skr\u00e4ddarsytt f\u00f6rslag med lokal, mat och pris som passar dig. N\u00e4r allt \u00e4r klart ser vi till att ditt evenemang flyter p\u00e5 smidigt, s\u00e5 att du kan slappna av och njuta.<\/p><p>H\u00f6r av dig idag f\u00f6r att boka eller f\u00e5 mer information \u2013 vi hj\u00e4lper dig g\u00e4rna!<\/p>\t\t\t\t\t\t\t\t<\/div>\n\t\t\t\t<\/div>\n\t\t\t\t<div class=\"elementor-element elementor-element-a462db4 button_basic elementor-widget elementor-widget-button\" data-id=\"a462db4\" data-element_type=\"widget\" data-widget_type=\"button.default\">\n\t\t\t\t<div class=\"elementor-widget-container\">\n\t\t\t\t\t\t\t\t\t<div class=\"elementor-button-wrapper\">\n\t\t\t\t\t<a class=\"elementor-button elementor-button-link elementor-size-sm\" href=\"tel:0729935729\">\n\t\t\t\t\t\t<span class=\"elementor-button-content-wrapper\">\n\t\t\t\t\t\t\t\t\t<span class=\"elementor-button-text\">072 993 57 29<\/span>\n\t\t\t\t\t<\/span>\n\t\t\t\t\t<\/a>\n\t\t\t\t<\/div>\n\t\t\t\t\t\t\t\t<\/div>\n\t\t\t\t<\/div>\n\t\t\t\t<\/div>\n\t\t\t\t<div class=\"elementor-element elementor-element-9c609eb elementor-widget elementor-widget-spacer\" data-id=\"9c609eb\" data-element_type=\"widget\" data-widget_type=\"spacer.default\">\n\t\t\t\t<div class=\"elementor-widget-container\">\n\t\t\t\t\t\t\t<div class=\"elementor-spacer\">\n\t\t\t<div class=\"elementor-spacer-inner\"><\/div>\n\t\t<\/div>\n\t\t\t\t\t\t<\/div>\n\t\t\t\t<\/div>\n\t\t<div class=\"elementor-element elementor-element-d2dc55d e-con-full e-flex e-con e-child\" data-id=\"d2dc55d\" data-element_type=\"container\" data-settings=\"{&quot;jet_parallax_layout_list&quot;:[]}\">\n\t\t\t\t<div class=\"elementor-element elementor-element-cc20b30 elementor-widget elementor-widget-image\" data-id=\"cc20b30\" data-element_type=\"widget\" data-widget_type=\"image.default\">\n\t\t\t\t<div class=\"elementor-widget-container\">\n\t\t\t\t\t\t\t\t\t\t\t\t\t\t\t<img decoding=\"async\" width=\"1920\" height=\"1080\" src=\"https:\/\/www.safarlunchochevent.se\/bro\/wp-content\/uploads\/2025\/06\/DSC_8997.png\" class=\"attachment-full size-full wp-image-2491\" alt=\"\" srcset=\"https:\/\/www.safarlunchochevent.se\/bro\/wp-content\/uploads\/2025\/06\/DSC_8997.png 1920w, https:\/\/www.safarlunchochevent.se\/bro\/wp-content\/uploads\/2025\/06\/DSC_8997-300x169.png 300w, https:\/\/www.safarlunchochevent.se\/bro\/wp-content\/uploads\/2025\/06\/DSC_8997-1024x576.png 1024w, https:\/\/www.safarlunchochevent.se\/bro\/wp-content\/uploads\/2025\/06\/DSC_8997-768x432.png 768w, https:\/\/www.safarlunchochevent.se\/bro\/wp-content\/uploads\/2025\/06\/DSC_8997-1536x864.png 1536w\" sizes=\"(max-width: 1920px) 100vw, 1920px\" \/>\t\t\t\t\t\t\t\t\t\t\t\t\t\t\t<\/div>\n\t\t\t\t<\/div>\n\t\t\t\t<\/div>\n\t\t\t\t\t<\/div>\n\t\t\t\t<\/div>\n\t\t\t\t<\/div>\n\t\t","protected":false},"excerpt":{"rendered":"<p>Hyr lokal Hyr v\u00e5r lokal f\u00f6r ditt evenemang Letar du efter en personlig och trivsam plats f\u00f6r ett minnesv\u00e4rt evenemang? V\u00e5r restauranglokal finns tillg\u00e4nglig f\u00f6r uthyrning p\u00e5 helger och passar utm\u00e4rkt f\u00f6r allt fr\u00e5n br\u00f6llop och f\u00f6delsedagsfester till babyshowers och andra privata tillst\u00e4llningar. Vi anpassar arrangemanget helt efter dina \u00f6nskem\u00e5l f\u00f6r att skapa en upplevelse [&hellip;]<\/p>\n","protected":false},"author":1,"featured_media":0,"parent":0,"menu_order":0,"comment_status":"closed","ping_status":"closed","template":"","meta":{"inline_featured_image":false,"footnotes":""},"class_list":["post-2288","page","type-page","status-publish","hentry"],"yoast_head":"<!-- This site is optimized with the Yoast SEO plugin v25.1 - https:\/\/yoast.com\/wordpress\/plugins\/seo\/ -->\n<title>Hyr lokal - Safar Restaurang &amp; Catering<\/title>\n<meta name=\"robots\" content=\"index, follow, max-snippet:-1, max-image-preview:large, max-video-preview:-1\" \/>\n<link rel=\"canonical\" href=\"https:\/\/www.safarlunchochevent.se\/bro\/hyr-lokal\/\" \/>\n<meta property=\"og:locale\" content=\"sv_SE\" \/>\n<meta property=\"og:type\" content=\"article\" \/>\n<meta property=\"og:title\" content=\"Hyr lokal - Safar Restaurang &amp; Catering\" \/>\n<meta property=\"og:description\" content=\"Hyr lokal Hyr v\u00e5r lokal f\u00f6r ditt evenemang Letar du efter en personlig och trivsam plats f\u00f6r ett minnesv\u00e4rt evenemang? V\u00e5r restauranglokal finns tillg\u00e4nglig f\u00f6r uthyrning p\u00e5 helger och passar utm\u00e4rkt f\u00f6r allt fr\u00e5n br\u00f6llop och f\u00f6delsedagsfester till babyshowers och andra privata tillst\u00e4llningar. Vi anpassar arrangemanget helt efter dina \u00f6nskem\u00e5l f\u00f6r att skapa en upplevelse [&hellip;]\" \/>\n<meta property=\"og:url\" content=\"https:\/\/www.safarlunchochevent.se\/bro\/hyr-lokal\/\" \/>\n<meta property=\"og:site_name\" content=\"Safar Restaurang &amp; Catering\" \/>\n<meta property=\"article:modified_time\" content=\"2025-06-16T13:04:17+00:00\" \/>\n<meta property=\"og:image\" content=\"https:\/\/www.safarlunchochevent.se\/bro\/wp-content\/uploads\/2025\/06\/DSC_8962-1024x576.png\" \/>\n\t<meta property=\"og:image:width\" content=\"1024\" \/>\n\t<meta property=\"og:image:height\" content=\"576\" \/>\n\t<meta property=\"og:image:type\" content=\"image\/png\" \/>\n<meta name=\"twitter:card\" content=\"summary_large_image\" \/>\n<meta name=\"twitter:label1\" content=\"Ber\u00e4knad l\u00e4stid\" \/>\n\t<meta name=\"twitter:data1\" content=\"2 minuter\" \/>\n<script type=\"application\/ld+json\" class=\"yoast-schema-graph\">{\"@context\":\"https:\/\/schema.org\",\"@graph\":[{\"@type\":\"WebPage\",\"@id\":\"https:\/\/www.safarlunchochevent.se\/bro\/hyr-lokal\/\",\"url\":\"https:\/\/www.safarlunchochevent.se\/bro\/hyr-lokal\/\",\"name\":\"Hyr lokal - Safar Restaurang &amp; Catering\",\"isPartOf\":{\"@id\":\"https:\/\/www.safarlunchochevent.se\/bro\/#website\"},\"primaryImageOfPage\":{\"@id\":\"https:\/\/www.safarlunchochevent.se\/bro\/hyr-lokal\/#primaryimage\"},\"image\":{\"@id\":\"https:\/\/www.safarlunchochevent.se\/bro\/hyr-lokal\/#primaryimage\"},\"thumbnailUrl\":\"https:\/\/www.safarlunchochevent.se\/bro\/wp-content\/uploads\/2025\/06\/DSC_8962.png\",\"datePublished\":\"2025-06-16T01:08:43+00:00\",\"dateModified\":\"2025-06-16T13:04:17+00:00\",\"breadcrumb\":{\"@id\":\"https:\/\/www.safarlunchochevent.se\/bro\/hyr-lokal\/#breadcrumb\"},\"inLanguage\":\"sv-SE\",\"potentialAction\":[{\"@type\":\"ReadAction\",\"target\":[\"https:\/\/www.safarlunchochevent.se\/bro\/hyr-lokal\/\"]}]},{\"@type\":\"ImageObject\",\"inLanguage\":\"sv-SE\",\"@id\":\"https:\/\/www.safarlunchochevent.se\/bro\/hyr-lokal\/#primaryimage\",\"url\":\"https:\/\/www.safarlunchochevent.se\/bro\/wp-content\/uploads\/2025\/06\/DSC_8962.png\",\"contentUrl\":\"https:\/\/www.safarlunchochevent.se\/bro\/wp-content\/uploads\/2025\/06\/DSC_8962.png\",\"width\":1920,\"height\":1080},{\"@type\":\"BreadcrumbList\",\"@id\":\"https:\/\/www.safarlunchochevent.se\/bro\/hyr-lokal\/#breadcrumb\",\"itemListElement\":[{\"@type\":\"ListItem\",\"position\":1,\"name\":\"Hem\",\"item\":\"https:\/\/www.safarlunchochevent.se\/bro\/\"},{\"@type\":\"ListItem\",\"position\":2,\"name\":\"Hyr lokal\"}]},{\"@type\":\"WebSite\",\"@id\":\"https:\/\/www.safarlunchochevent.se\/bro\/#website\",\"url\":\"https:\/\/www.safarlunchochevent.se\/bro\/\",\"name\":\"Safar Restaurang &amp; Catering\",\"description\":\"\",\"potentialAction\":[{\"@type\":\"SearchAction\",\"target\":{\"@type\":\"EntryPoint\",\"urlTemplate\":\"https:\/\/www.safarlunchochevent.se\/bro\/?s={search_term_string}\"},\"query-input\":{\"@type\":\"PropertyValueSpecification\",\"valueRequired\":true,\"valueName\":\"search_term_string\"}}],\"inLanguage\":\"sv-SE\"}]}<\/script>\n<!-- \/ Yoast SEO plugin. -->","yoast_head_json":{"title":"Hyr lokal - Safar Restaurang &amp; Catering","robots":{"index":"index","follow":"follow","max-snippet":"max-snippet:-1","max-image-preview":"max-image-preview:large","max-video-preview":"max-video-preview:-1"},"canonical":"https:\/\/www.safarlunchochevent.se\/bro\/hyr-lokal\/","og_locale":"sv_SE","og_type":"article","og_title":"Hyr lokal - Safar Restaurang &amp; Catering","og_description":"Hyr lokal Hyr v\u00e5r lokal f\u00f6r ditt evenemang Letar du efter en personlig och trivsam plats f\u00f6r ett minnesv\u00e4rt evenemang? V\u00e5r restauranglokal finns tillg\u00e4nglig f\u00f6r uthyrning p\u00e5 helger och passar utm\u00e4rkt f\u00f6r allt fr\u00e5n br\u00f6llop och f\u00f6delsedagsfester till babyshowers och andra privata tillst\u00e4llningar. Vi anpassar arrangemanget helt efter dina \u00f6nskem\u00e5l f\u00f6r att skapa en upplevelse [&hellip;]","og_url":"https:\/\/www.safarlunchochevent.se\/bro\/hyr-lokal\/","og_site_name":"Safar Restaurang &amp; Catering","article_modified_time":"2025-06-16T13:04:17+00:00","og_image":[{"width":1024,"height":576,"url":"https:\/\/www.safarlunchochevent.se\/bro\/wp-content\/uploads\/2025\/06\/DSC_8962-1024x576.png","type":"image\/png"}],"twitter_card":"summary_large_image","twitter_misc":{"Ber\u00e4knad l\u00e4stid":"2 minuter"},"schema":{"@context":"https:\/\/schema.org","@graph":[{"@type":"WebPage","@id":"https:\/\/www.safarlunchochevent.se\/bro\/hyr-lokal\/","url":"https:\/\/www.safarlunchochevent.se\/bro\/hyr-lokal\/","name":"Hyr lokal - Safar Restaurang &amp; Catering","isPartOf":{"@id":"https:\/\/www.safarlunchochevent.se\/bro\/#website"},"primaryImageOfPage":{"@id":"https:\/\/www.safarlunchochevent.se\/bro\/hyr-lokal\/#primaryimage"},"image":{"@id":"https:\/\/www.safarlunchochevent.se\/bro\/hyr-lokal\/#primaryimage"},"thumbnailUrl":"https:\/\/www.safarlunchochevent.se\/bro\/wp-content\/uploads\/2025\/06\/DSC_8962.png","datePublished":"2025-06-16T01:08:43+00:00","dateModified":"2025-06-16T13:04:17+00:00","breadcrumb":{"@id":"https:\/\/www.safarlunchochevent.se\/bro\/hyr-lokal\/#breadcrumb"},"inLanguage":"sv-SE","potentialAction":[{"@type":"ReadAction","target":["https:\/\/www.safarlunchochevent.se\/bro\/hyr-lokal\/"]}]},{"@type":"ImageObject","inLanguage":"sv-SE","@id":"https:\/\/www.safarlunchochevent.se\/bro\/hyr-lokal\/#primaryimage","url":"https:\/\/www.safarlunchochevent.se\/bro\/wp-content\/uploads\/2025\/06\/DSC_8962.png","contentUrl":"https:\/\/www.safarlunchochevent.se\/bro\/wp-content\/uploads\/2025\/06\/DSC_8962.png","width":1920,"height":1080},{"@type":"BreadcrumbList","@id":"https:\/\/www.safarlunchochevent.se\/bro\/hyr-lokal\/#breadcrumb","itemListElement":[{"@type":"ListItem","position":1,"name":"Hem","item":"https:\/\/www.safarlunchochevent.se\/bro\/"},{"@type":"ListItem","position":2,"name":"Hyr lokal"}]},{"@type":"WebSite","@id":"https:\/\/www.safarlunchochevent.se\/bro\/#website","url":"https:\/\/www.safarlunchochevent.se\/bro\/","name":"Safar Restaurang &amp; Catering","description":"","potentialAction":[{"@type":"SearchAction","target":{"@type":"EntryPoint","urlTemplate":"https:\/\/www.safarlunchochevent.se\/bro\/?s={search_term_string}"},"query-input":{"@type":"PropertyValueSpecification","valueRequired":true,"valueName":"search_term_string"}}],"inLanguage":"sv-SE"}]}},"_links":{"self":[{"href":"https:\/\/www.safarlunchochevent.se\/bro\/wp-json\/wp\/v2\/pages\/2288","targetHints":{"allow":["GET"]}}],"collection":[{"href":"https:\/\/www.safarlunchochevent.se\/bro\/wp-json\/wp\/v2\/pages"}],"about":[{"href":"https:\/\/www.safarlunchochevent.se\/bro\/wp-json\/wp\/v2\/types\/page"}],"author":[{"embeddable":true,"href":"https:\/\/www.safarlunchochevent.se\/bro\/wp-json\/wp\/v2\/users\/1"}],"replies":[{"embeddable":true,"href":"https:\/\/www.safarlunchochevent.se\/bro\/wp-json\/wp\/v2\/comments?post=2288"}],"version-history":[{"count":10,"href":"https:\/\/www.safarlunchochevent.se\/bro\/wp-json\/wp\/v2\/pages\/2288\/revisions"}],"predecessor-version":[{"id":2495,"href":"https:\/\/www.safarlunchochevent.se\/bro\/wp-json\/wp\/v2\/pages\/2288\/revisions\/2495"}],"wp:attachment":[{"href":"https:\/\/www.safarlunchochevent.se\/bro\/wp-json\/wp\/v2\/media?parent=2288"}],"curies":[{"name":"wp","href":"https:\/\/api.w.org\/{rel}","templated":true}]}}