{"id":84,"date":"2024-04-16T22:29:08","date_gmt":"2024-04-16T22:29:08","guid":{"rendered":"https:\/\/www.restauranglagan.se\/?page_id=84"},"modified":"2025-09-04T15:03:44","modified_gmt":"2025-09-04T15:03:44","slug":"om-oss","status":"publish","type":"page","link":"https:\/\/www.safarlunchochevent.se\/bro\/om-oss\/","title":{"rendered":"Om oss"},"content":{"rendered":"\t\t<div data-elementor-type=\"wp-page\" data-elementor-id=\"84\" class=\"elementor elementor-84\">\n\t\t\t\t<div class=\"elementor-element elementor-element-e6012be e-flex e-con-boxed e-con e-parent\" data-id=\"e6012be\" data-element_type=\"container\" data-settings=\"{&quot;background_background&quot;:&quot;classic&quot;,&quot;jet_parallax_layout_list&quot;:[]}\">\n\t\t\t\t\t<div class=\"e-con-inner\">\n\t\t<div class=\"elementor-element elementor-element-94a4711 e-flex e-con-boxed e-con e-child\" data-id=\"94a4711\" data-element_type=\"container\" data-settings=\"{&quot;jet_parallax_layout_list&quot;:[]}\">\n\t\t\t\t\t<div class=\"e-con-inner\">\n\t\t\t\t<div class=\"elementor-element elementor-element-a1d4ffa elementor-widget elementor-widget-heading\" data-id=\"a1d4ffa\" data-element_type=\"widget\" data-widget_type=\"heading.default\">\n\t\t\t\t<div class=\"elementor-widget-container\">\n\t\t\t\t\t<h1 class=\"elementor-heading-title elementor-size-default\">OM OSS<\/h1>\t\t\t\t<\/div>\n\t\t\t\t<\/div>\n\t\t\t\t\t<\/div>\n\t\t\t\t<\/div>\n\t\t\t\t\t<\/div>\n\t\t\t\t<\/div>\n\t\t<div class=\"elementor-element elementor-element-a7eb255 e-flex e-con-boxed e-con e-parent\" data-id=\"a7eb255\" data-element_type=\"container\" data-settings=\"{&quot;background_background&quot;:&quot;classic&quot;,&quot;jet_parallax_layout_list&quot;:[]}\">\n\t\t\t\t\t<div class=\"e-con-inner\">\n\t\t<div class=\"elementor-element elementor-element-287c81a e-flex e-con-boxed e-con e-child\" data-id=\"287c81a\" data-element_type=\"container\" data-settings=\"{&quot;jet_parallax_layout_list&quot;:[]}\">\n\t\t\t\t\t<div class=\"e-con-inner\">\n\t\t\t\t<div class=\"elementor-element elementor-element-782cdfe elementor-widget__width-initial elementor-widget-mobile__width-initial elementor-widget elementor-widget-heading\" data-id=\"782cdfe\" data-element_type=\"widget\" data-widget_type=\"heading.default\">\n\t\t\t\t<div class=\"elementor-widget-container\">\n\t\t\t\t\t<h2 class=\"elementor-heading-title elementor-size-default\">V\u00e4lkommen till Safar Restaurang & Catering i Bro\n<\/h2>\t\t\t\t<\/div>\n\t\t\t\t<\/div>\n\t\t\t\t<div class=\"elementor-element elementor-element-08d6a6b elementor-widget elementor-widget-text-editor\" data-id=\"08d6a6b\" data-element_type=\"widget\" data-widget_type=\"text-editor.default\">\n\t\t\t\t<div class=\"elementor-widget-container\">\n\t\t\t\t\t\t\t\t\tHos oss handlar det om mer \u00e4n bara v\u00e4llagad husmanskost eller professionell catering \u2013 det handlar om gemenskap, v\u00e4rme och att alltid k\u00e4nna sig v\u00e4lkommen. Vi har skapat en trivsam plats i hj\u00e4rtat av Bro d\u00e4r du kan avnjuta en god lunch, best\u00e4lla catering till b\u00e5de sm\u00e5 och stora tillst\u00e4llningar eller helt enkelt ta med dig n\u00e5got extra gott hem till familjen.\t\t\t\t\t\t\t\t<\/div>\n\t\t\t\t<\/div>\n\t\t\t\t\t<\/div>\n\t\t\t\t<\/div>\n\t\t\t\t\t<\/div>\n\t\t\t\t<\/div>\n\t\t<div class=\"elementor-element elementor-element-f0792ff e-flex e-con-boxed e-con e-parent\" data-id=\"f0792ff\" data-element_type=\"container\" data-settings=\"{&quot;background_background&quot;:&quot;classic&quot;,&quot;jet_parallax_layout_list&quot;:[]}\">\n\t\t\t\t\t<div class=\"e-con-inner\">\n\t\t<div class=\"elementor-element elementor-element-dcff531 e-con-full e-flex e-con e-child\" data-id=\"dcff531\" data-element_type=\"container\" data-settings=\"{&quot;jet_parallax_layout_list&quot;:[]}\">\n\t\t\t\t<div class=\"elementor-element elementor-element-ad71e90 elementor-widget__width-initial elementor-widget-tablet__width-initial elementor-widget elementor-widget-heading\" data-id=\"ad71e90\" data-element_type=\"widget\" data-widget_type=\"heading.default\">\n\t\t\t\t<div class=\"elementor-widget-container\">\n\t\t\t\t\t<h2 class=\"elementor-heading-title elementor-size-default\">Catering f\u00f6r alla tillf\u00e4llen\n<\/h2>\t\t\t\t<\/div>\n\t\t\t\t<\/div>\n\t\t\t\t<div class=\"elementor-element elementor-element-fc5b011 elementor-widget__width-initial elementor-widget elementor-widget-text-editor\" data-id=\"fc5b011\" data-element_type=\"widget\" data-widget_type=\"text-editor.default\">\n\t\t\t\t<div class=\"elementor-widget-container\">\n\t\t\t\t\t\t\t\t\t<p>Planerar du br\u00f6llop, fest eller kanske en minnesv\u00e4rd middag f\u00f6r kollegorna?<br \/>L\u00e5t oss p\u00e5 Safar Lunch &amp; Event i Bro ta hand om maten, s\u00e5 att du kan njuta av stunden och fokusera p\u00e5 dina g\u00e4ster.<\/p><p>Vi erbjuder smakrik, hemlagad catering med k\u00e4rlek till b\u00e5de det lilla och det stora \u2013 fr\u00e5n sommarbuff\u00e9er och studentfiranden till eleganta trer\u00e4ttersmiddagar och f\u00f6retagsevenemang.<br \/>Tillsammans skr\u00e4ddarsyr vi en meny som passar just din stil, ditt tema och dina \u00f6nskem\u00e5l.<\/p>\t\t\t\t\t\t\t\t<\/div>\n\t\t\t\t<\/div>\n\t\t\t\t<div class=\"elementor-element elementor-element-64740c6 button_basic elementor-widget elementor-widget-button\" data-id=\"64740c6\" data-element_type=\"widget\" data-widget_type=\"button.default\">\n\t\t\t\t<div class=\"elementor-widget-container\">\n\t\t\t\t\t\t\t\t\t<div class=\"elementor-button-wrapper\">\n\t\t\t\t\t<a class=\"elementor-button elementor-button-link elementor-size-sm\" href=\"https:\/\/www.safarlunchochevent.se\/bro\/var-meny\/\">\n\t\t\t\t\t\t<span class=\"elementor-button-content-wrapper\">\n\t\t\t\t\t\t\t\t\t<span class=\"elementor-button-text\">Se meny<\/span>\n\t\t\t\t\t<\/span>\n\t\t\t\t\t<\/a>\n\t\t\t\t<\/div>\n\t\t\t\t\t\t\t\t<\/div>\n\t\t\t\t<\/div>\n\t\t\t\t<\/div>\n\t\t\t\t<div class=\"elementor-element elementor-element-8efa502 elementor-widget elementor-widget-spacer\" data-id=\"8efa502\" data-element_type=\"widget\" data-widget_type=\"spacer.default\">\n\t\t\t\t<div class=\"elementor-widget-container\">\n\t\t\t\t\t\t\t<div class=\"elementor-spacer\">\n\t\t\t<div class=\"elementor-spacer-inner\"><\/div>\n\t\t<\/div>\n\t\t\t\t\t\t<\/div>\n\t\t\t\t<\/div>\n\t\t<div class=\"elementor-element elementor-element-cb7ab64 e-con-full e-flex e-con e-child\" data-id=\"cb7ab64\" data-element_type=\"container\" data-settings=\"{&quot;jet_parallax_layout_list&quot;:[]}\">\n\t\t\t\t<div class=\"elementor-element elementor-element-e914bb5 elementor-widget elementor-widget-image\" data-id=\"e914bb5\" data-element_type=\"widget\" data-widget_type=\"image.default\">\n\t\t\t\t<div class=\"elementor-widget-container\">\n\t\t\t\t\t\t\t\t\t\t\t\t\t\t\t<img fetchpriority=\"high\" decoding=\"async\" width=\"1920\" height=\"1080\" src=\"https:\/\/www.safarlunchochevent.se\/bro\/wp-content\/uploads\/2025\/06\/DSC_8870.png\" class=\"attachment-full size-full wp-image-2434\" alt=\"\" srcset=\"https:\/\/www.safarlunchochevent.se\/bro\/wp-content\/uploads\/2025\/06\/DSC_8870.png 1920w, https:\/\/www.safarlunchochevent.se\/bro\/wp-content\/uploads\/2025\/06\/DSC_8870-300x169.png 300w, https:\/\/www.safarlunchochevent.se\/bro\/wp-content\/uploads\/2025\/06\/DSC_8870-1024x576.png 1024w, https:\/\/www.safarlunchochevent.se\/bro\/wp-content\/uploads\/2025\/06\/DSC_8870-768x432.png 768w, https:\/\/www.safarlunchochevent.se\/bro\/wp-content\/uploads\/2025\/06\/DSC_8870-1536x864.png 1536w\" sizes=\"(max-width: 1920px) 100vw, 1920px\" \/>\t\t\t\t\t\t\t\t\t\t\t\t\t\t\t<\/div>\n\t\t\t\t<\/div>\n\t\t\t\t<\/div>\n\t\t\t\t\t<\/div>\n\t\t\t\t<\/div>\n\t\t<div class=\"elementor-element elementor-element-762deb4 e-flex e-con-boxed e-con e-parent\" data-id=\"762deb4\" data-element_type=\"container\" data-settings=\"{&quot;background_background&quot;:&quot;classic&quot;,&quot;jet_parallax_layout_list&quot;:[]}\">\n\t\t\t\t\t<div class=\"e-con-inner\">\n\t\t<div class=\"elementor-element elementor-element-f2cb137 e-con-full e-flex e-con e-child\" data-id=\"f2cb137\" data-element_type=\"container\" data-settings=\"{&quot;jet_parallax_layout_list&quot;:[]}\">\n\t\t\t\t<div class=\"elementor-element elementor-element-5500e1a elementor-widget__width-initial elementor-widget-tablet__width-initial elementor-widget elementor-widget-heading\" data-id=\"5500e1a\" data-element_type=\"widget\" data-widget_type=\"heading.default\">\n\t\t\t\t<div class=\"elementor-widget-container\">\n\t\t\t\t\t<h2 class=\"elementor-heading-title elementor-size-default\">Hyr v\u00e5r lokal f\u00f6r ditt n\u00e4sta event\n<\/h2>\t\t\t\t<\/div>\n\t\t\t\t<\/div>\n\t\t\t\t<div class=\"elementor-element elementor-element-1342dd6 elementor-widget elementor-widget-text-editor\" data-id=\"1342dd6\" data-element_type=\"widget\" data-widget_type=\"text-editor.default\">\n\t\t\t\t<div class=\"elementor-widget-container\">\n\t\t\t\t\t\t\t\t\t<p>Letar du efter en trevlig och flexibel plats f\u00f6r din tillst\u00e4llning?<br \/>V\u00e5r restauranglokal i Bro passar perfekt f\u00f6r allt fr\u00e5n f\u00f6delsedagsfester och br\u00f6llop till babyshowers, minnesstunder och f\u00f6retagsevent.<\/p><p>Vi erbjuder en varm och v\u00e4lkomnande milj\u00f6 och hj\u00e4lper g\u00e4rna till att anpassa b\u00e5de dukning och meny efter dina \u00f6nskem\u00e5l.<br \/>Oavsett om det \u00e4r en mindre sammankomst eller ett st\u00f6rre firande, ser vi till att det blir en minnesv\u00e4rd upplevelse.<\/p>\t\t\t\t\t\t\t\t<\/div>\n\t\t\t\t<\/div>\n\t\t\t\t<div class=\"elementor-element elementor-element-4cd9181 button_basic elementor-widget elementor-widget-button\" data-id=\"4cd9181\" data-element_type=\"widget\" data-widget_type=\"button.default\">\n\t\t\t\t<div class=\"elementor-widget-container\">\n\t\t\t\t\t\t\t\t\t<div class=\"elementor-button-wrapper\">\n\t\t\t\t\t<a class=\"elementor-button elementor-button-link elementor-size-sm\" href=\"#kontakt\">\n\t\t\t\t\t\t<span class=\"elementor-button-content-wrapper\">\n\t\t\t\t\t\t\t\t\t<span class=\"elementor-button-text\">Hitta hit<\/span>\n\t\t\t\t\t<\/span>\n\t\t\t\t\t<\/a>\n\t\t\t\t<\/div>\n\t\t\t\t\t\t\t\t<\/div>\n\t\t\t\t<\/div>\n\t\t\t\t<\/div>\n\t\t\t\t<div class=\"elementor-element elementor-element-0839daa elementor-widget elementor-widget-spacer\" data-id=\"0839daa\" data-element_type=\"widget\" data-widget_type=\"spacer.default\">\n\t\t\t\t<div class=\"elementor-widget-container\">\n\t\t\t\t\t\t\t<div class=\"elementor-spacer\">\n\t\t\t<div class=\"elementor-spacer-inner\"><\/div>\n\t\t<\/div>\n\t\t\t\t\t\t<\/div>\n\t\t\t\t<\/div>\n\t\t<div class=\"elementor-element elementor-element-70575e6 e-con-full e-flex e-con e-child\" data-id=\"70575e6\" data-element_type=\"container\" data-settings=\"{&quot;jet_parallax_layout_list&quot;:[]}\">\n\t\t\t\t<div class=\"elementor-element elementor-element-127ee6d elementor-widget elementor-widget-image\" data-id=\"127ee6d\" data-element_type=\"widget\" data-widget_type=\"image.default\">\n\t\t\t\t<div class=\"elementor-widget-container\">\n\t\t\t\t\t\t\t\t\t\t\t\t\t\t\t<img decoding=\"async\" width=\"1920\" height=\"1080\" src=\"https:\/\/www.safarlunchochevent.se\/bro\/wp-content\/uploads\/2025\/06\/DSC_8962.png\" class=\"attachment-full size-full wp-image-2438\" alt=\"\" srcset=\"https:\/\/www.safarlunchochevent.se\/bro\/wp-content\/uploads\/2025\/06\/DSC_8962.png 1920w, https:\/\/www.safarlunchochevent.se\/bro\/wp-content\/uploads\/2025\/06\/DSC_8962-300x169.png 300w, https:\/\/www.safarlunchochevent.se\/bro\/wp-content\/uploads\/2025\/06\/DSC_8962-1024x576.png 1024w, https:\/\/www.safarlunchochevent.se\/bro\/wp-content\/uploads\/2025\/06\/DSC_8962-768x432.png 768w, https:\/\/www.safarlunchochevent.se\/bro\/wp-content\/uploads\/2025\/06\/DSC_8962-1536x864.png 1536w\" sizes=\"(max-width: 1920px) 100vw, 1920px\" \/>\t\t\t\t\t\t\t\t\t\t\t\t\t\t\t<\/div>\n\t\t\t\t<\/div>\n\t\t\t\t<\/div>\n\t\t\t\t\t<\/div>\n\t\t\t\t<\/div>\n\t\t<div class=\"elementor-element elementor-element-93c0cb7 e-flex e-con-boxed e-con e-parent\" data-id=\"93c0cb7\" data-element_type=\"container\" data-settings=\"{&quot;jet_parallax_layout_list&quot;:[]}\">\n\t\t\t\t\t<div class=\"e-con-inner\">\n\t\t\t\t\t<\/div>\n\t\t\t\t<\/div>\n\t\t\t\t<\/div>\n\t\t","protected":false},"excerpt":{"rendered":"<p>OM OSS V\u00e4lkommen till Safar Restaurang &#038; Catering i Bro Hos oss handlar det om mer \u00e4n bara v\u00e4llagad husmanskost eller professionell catering \u2013 det handlar om gemenskap, v\u00e4rme och att alltid k\u00e4nna sig v\u00e4lkommen. Vi har skapat en trivsam plats i hj\u00e4rtat av Bro d\u00e4r du kan avnjuta en god lunch, best\u00e4lla catering till [&hellip;]<\/p>\n","protected":false},"author":1,"featured_media":0,"parent":0,"menu_order":0,"comment_status":"closed","ping_status":"closed","template":"","meta":{"inline_featured_image":false,"footnotes":""},"class_list":["post-84","page","type-page","status-publish","hentry"],"yoast_head":"<!-- This site is optimized with the Yoast SEO plugin v25.1 - https:\/\/yoast.com\/wordpress\/plugins\/seo\/ -->\n<title>Om oss - Safar Restaurang &amp; Catering<\/title>\n<meta name=\"robots\" content=\"index, follow, max-snippet:-1, max-image-preview:large, max-video-preview:-1\" \/>\n<link rel=\"canonical\" href=\"https:\/\/www.safarlunchochevent.se\/bro\/om-oss\/\" \/>\n<meta property=\"og:locale\" content=\"sv_SE\" \/>\n<meta property=\"og:type\" content=\"article\" \/>\n<meta property=\"og:title\" content=\"Om oss - Safar Restaurang &amp; Catering\" \/>\n<meta property=\"og:description\" content=\"OM OSS V\u00e4lkommen till Safar Restaurang &#038; Catering i Bro Hos oss handlar det om mer \u00e4n bara v\u00e4llagad husmanskost eller professionell catering \u2013 det handlar om gemenskap, v\u00e4rme och att alltid k\u00e4nna sig v\u00e4lkommen. Vi har skapat en trivsam plats i hj\u00e4rtat av Bro d\u00e4r du kan avnjuta en god lunch, best\u00e4lla catering till [&hellip;]\" \/>\n<meta property=\"og:url\" content=\"https:\/\/www.safarlunchochevent.se\/bro\/om-oss\/\" \/>\n<meta property=\"og:site_name\" content=\"Safar Restaurang &amp; Catering\" \/>\n<meta property=\"article:modified_time\" content=\"2025-09-04T15:03:44+00:00\" \/>\n<meta property=\"og:image\" content=\"https:\/\/www.safarlunchochevent.se\/bro\/wp-content\/uploads\/2025\/06\/DSC_8870-1024x576.png\" \/>\n\t<meta property=\"og:image:width\" content=\"1024\" \/>\n\t<meta property=\"og:image:height\" content=\"576\" \/>\n\t<meta property=\"og:image:type\" content=\"image\/png\" \/>\n<meta name=\"twitter:card\" content=\"summary_large_image\" \/>\n<meta name=\"twitter:label1\" content=\"Ber\u00e4knad l\u00e4stid\" \/>\n\t<meta name=\"twitter:data1\" content=\"2 minuter\" \/>\n<script type=\"application\/ld+json\" class=\"yoast-schema-graph\">{\"@context\":\"https:\/\/schema.org\",\"@graph\":[{\"@type\":\"WebPage\",\"@id\":\"https:\/\/www.safarlunchochevent.se\/bro\/om-oss\/\",\"url\":\"https:\/\/www.safarlunchochevent.se\/bro\/om-oss\/\",\"name\":\"Om oss - Safar Restaurang &amp; Catering\",\"isPartOf\":{\"@id\":\"https:\/\/www.safarlunchochevent.se\/bro\/#website\"},\"primaryImageOfPage\":{\"@id\":\"https:\/\/www.safarlunchochevent.se\/bro\/om-oss\/#primaryimage\"},\"image\":{\"@id\":\"https:\/\/www.safarlunchochevent.se\/bro\/om-oss\/#primaryimage\"},\"thumbnailUrl\":\"https:\/\/www.safarlunchochevent.se\/bro\/wp-content\/uploads\/2025\/06\/DSC_8870.png\",\"datePublished\":\"2024-04-16T22:29:08+00:00\",\"dateModified\":\"2025-09-04T15:03:44+00:00\",\"breadcrumb\":{\"@id\":\"https:\/\/www.safarlunchochevent.se\/bro\/om-oss\/#breadcrumb\"},\"inLanguage\":\"sv-SE\",\"potentialAction\":[{\"@type\":\"ReadAction\",\"target\":[\"https:\/\/www.safarlunchochevent.se\/bro\/om-oss\/\"]}]},{\"@type\":\"ImageObject\",\"inLanguage\":\"sv-SE\",\"@id\":\"https:\/\/www.safarlunchochevent.se\/bro\/om-oss\/#primaryimage\",\"url\":\"https:\/\/www.safarlunchochevent.se\/bro\/wp-content\/uploads\/2025\/06\/DSC_8870.png\",\"contentUrl\":\"https:\/\/www.safarlunchochevent.se\/bro\/wp-content\/uploads\/2025\/06\/DSC_8870.png\",\"width\":1920,\"height\":1080},{\"@type\":\"BreadcrumbList\",\"@id\":\"https:\/\/www.safarlunchochevent.se\/bro\/om-oss\/#breadcrumb\",\"itemListElement\":[{\"@type\":\"ListItem\",\"position\":1,\"name\":\"Hem\",\"item\":\"https:\/\/www.safarlunchochevent.se\/bro\/\"},{\"@type\":\"ListItem\",\"position\":2,\"name\":\"Om oss\"}]},{\"@type\":\"WebSite\",\"@id\":\"https:\/\/www.safarlunchochevent.se\/bro\/#website\",\"url\":\"https:\/\/www.safarlunchochevent.se\/bro\/\",\"name\":\"Safar Restaurang &amp; Catering\",\"description\":\"\",\"potentialAction\":[{\"@type\":\"SearchAction\",\"target\":{\"@type\":\"EntryPoint\",\"urlTemplate\":\"https:\/\/www.safarlunchochevent.se\/bro\/?s={search_term_string}\"},\"query-input\":{\"@type\":\"PropertyValueSpecification\",\"valueRequired\":true,\"valueName\":\"search_term_string\"}}],\"inLanguage\":\"sv-SE\"}]}<\/script>\n<!-- \/ Yoast SEO plugin. -->","yoast_head_json":{"title":"Om oss - Safar Restaurang &amp; Catering","robots":{"index":"index","follow":"follow","max-snippet":"max-snippet:-1","max-image-preview":"max-image-preview:large","max-video-preview":"max-video-preview:-1"},"canonical":"https:\/\/www.safarlunchochevent.se\/bro\/om-oss\/","og_locale":"sv_SE","og_type":"article","og_title":"Om oss - Safar Restaurang &amp; Catering","og_description":"OM OSS V\u00e4lkommen till Safar Restaurang &#038; Catering i Bro Hos oss handlar det om mer \u00e4n bara v\u00e4llagad husmanskost eller professionell catering \u2013 det handlar om gemenskap, v\u00e4rme och att alltid k\u00e4nna sig v\u00e4lkommen. Vi har skapat en trivsam plats i hj\u00e4rtat av Bro d\u00e4r du kan avnjuta en god lunch, best\u00e4lla catering till [&hellip;]","og_url":"https:\/\/www.safarlunchochevent.se\/bro\/om-oss\/","og_site_name":"Safar Restaurang &amp; Catering","article_modified_time":"2025-09-04T15:03:44+00:00","og_image":[{"width":1024,"height":576,"url":"https:\/\/www.safarlunchochevent.se\/bro\/wp-content\/uploads\/2025\/06\/DSC_8870-1024x576.png","type":"image\/png"}],"twitter_card":"summary_large_image","twitter_misc":{"Ber\u00e4knad l\u00e4stid":"2 minuter"},"schema":{"@context":"https:\/\/schema.org","@graph":[{"@type":"WebPage","@id":"https:\/\/www.safarlunchochevent.se\/bro\/om-oss\/","url":"https:\/\/www.safarlunchochevent.se\/bro\/om-oss\/","name":"Om oss - Safar Restaurang &amp; Catering","isPartOf":{"@id":"https:\/\/www.safarlunchochevent.se\/bro\/#website"},"primaryImageOfPage":{"@id":"https:\/\/www.safarlunchochevent.se\/bro\/om-oss\/#primaryimage"},"image":{"@id":"https:\/\/www.safarlunchochevent.se\/bro\/om-oss\/#primaryimage"},"thumbnailUrl":"https:\/\/www.safarlunchochevent.se\/bro\/wp-content\/uploads\/2025\/06\/DSC_8870.png","datePublished":"2024-04-16T22:29:08+00:00","dateModified":"2025-09-04T15:03:44+00:00","breadcrumb":{"@id":"https:\/\/www.safarlunchochevent.se\/bro\/om-oss\/#breadcrumb"},"inLanguage":"sv-SE","potentialAction":[{"@type":"ReadAction","target":["https:\/\/www.safarlunchochevent.se\/bro\/om-oss\/"]}]},{"@type":"ImageObject","inLanguage":"sv-SE","@id":"https:\/\/www.safarlunchochevent.se\/bro\/om-oss\/#primaryimage","url":"https:\/\/www.safarlunchochevent.se\/bro\/wp-content\/uploads\/2025\/06\/DSC_8870.png","contentUrl":"https:\/\/www.safarlunchochevent.se\/bro\/wp-content\/uploads\/2025\/06\/DSC_8870.png","width":1920,"height":1080},{"@type":"BreadcrumbList","@id":"https:\/\/www.safarlunchochevent.se\/bro\/om-oss\/#breadcrumb","itemListElement":[{"@type":"ListItem","position":1,"name":"Hem","item":"https:\/\/www.safarlunchochevent.se\/bro\/"},{"@type":"ListItem","position":2,"name":"Om oss"}]},{"@type":"WebSite","@id":"https:\/\/www.safarlunchochevent.se\/bro\/#website","url":"https:\/\/www.safarlunchochevent.se\/bro\/","name":"Safar Restaurang &amp; Catering","description":"","potentialAction":[{"@type":"SearchAction","target":{"@type":"EntryPoint","urlTemplate":"https:\/\/www.safarlunchochevent.se\/bro\/?s={search_term_string}"},"query-input":{"@type":"PropertyValueSpecification","valueRequired":true,"valueName":"search_term_string"}}],"inLanguage":"sv-SE"}]}},"_links":{"self":[{"href":"https:\/\/www.safarlunchochevent.se\/bro\/wp-json\/wp\/v2\/pages\/84","targetHints":{"allow":["GET"]}}],"collection":[{"href":"https:\/\/www.safarlunchochevent.se\/bro\/wp-json\/wp\/v2\/pages"}],"about":[{"href":"https:\/\/www.safarlunchochevent.se\/bro\/wp-json\/wp\/v2\/types\/page"}],"author":[{"embeddable":true,"href":"https:\/\/www.safarlunchochevent.se\/bro\/wp-json\/wp\/v2\/users\/1"}],"replies":[{"embeddable":true,"href":"https:\/\/www.safarlunchochevent.se\/bro\/wp-json\/wp\/v2\/comments?post=84"}],"version-history":[{"count":26,"href":"https:\/\/www.safarlunchochevent.se\/bro\/wp-json\/wp\/v2\/pages\/84\/revisions"}],"predecessor-version":[{"id":2662,"href":"https:\/\/www.safarlunchochevent.se\/bro\/wp-json\/wp\/v2\/pages\/84\/revisions\/2662"}],"wp:attachment":[{"href":"https:\/\/www.safarlunchochevent.se\/bro\/wp-json\/wp\/v2\/media?parent=84"}],"curies":[{"name":"wp","href":"https:\/\/api.w.org\/{rel}","templated":true}]}}